{"id":164,"date":"2021-06-16T13:44:32","date_gmt":"2021-06-16T11:44:32","guid":{"rendered":"https:\/\/www.rockwall-guitars.de\/shop\/?post_type=product&#038;p=164"},"modified":"2026-03-04T11:02:54","modified_gmt":"2026-03-04T10:02:54","slug":"rickenbacker-horseshoe-pickup-bass-bridge","status":"publish","type":"product","link":"https:\/\/www.rockwall-guitars.de\/shop\/produkt\/rickenbacker-horseshoe-pickup-bass-bridge\/","title":{"rendered":"Rickenbacker Horseshoe Pickup Bass Bridge"},"content":{"rendered":"<p><img loading=\"lazy\" decoding=\"async\" class=\"alignleft size-medium wp-image-168\" src=\"https:\/\/www.rockwall-guitars.de\/shop\/wp-content\/uploads\/Rickenbacker_Horseshoe_Pickup_for_Bass_Bridge_Position_RWG00070_08-415x317.jpg\" alt=\"\" width=\"415\" height=\"317\" srcset=\"https:\/\/www.rockwall-guitars.de\/shop\/wp-content\/uploads\/Rickenbacker_Horseshoe_Pickup_for_Bass_Bridge_Position_RWG00070_08-415x317.jpg 415w, https:\/\/www.rockwall-guitars.de\/shop\/wp-content\/uploads\/Rickenbacker_Horseshoe_Pickup_for_Bass_Bridge_Position_RWG00070_08-340x259.jpg 340w, https:\/\/www.rockwall-guitars.de\/shop\/wp-content\/uploads\/Rickenbacker_Horseshoe_Pickup_for_Bass_Bridge_Position_RWG00070_08-768x586.jpg 768w, https:\/\/www.rockwall-guitars.de\/shop\/wp-content\/uploads\/Rickenbacker_Horseshoe_Pickup_for_Bass_Bridge_Position_RWG00070_08-210x159.jpg 210w, https:\/\/www.rockwall-guitars.de\/shop\/wp-content\/uploads\/Rickenbacker_Horseshoe_Pickup_for_Bass_Bridge_Position_RWG00070_08.jpg 1000w\" sizes=\"auto, (max-width: 415px) 100vw, 415px\" \/>Den amtlichen 60er Jahre Rickenbacker Sound bekommst du mit diesem original Rickenbacker Tonabnehmer.<\/p>\n<p>Original Rickenbacker Horseshoe Pickup f\u00fcr die Bridge Position eines Basses.<\/p>\n<p>Verbaut wird dieser von Rickenbacker beim Modell 4001c64.<\/p>\n<p>Wenn du den Tonabnahmers deines Rickenbacker 4003 ersetzen m\u00f6chtest beachte bitte, da\u00df neue L\u00f6cher gebohrt werden m\u00fcssen.<\/p>\n<p>L\u00e4nge der Zuleitung: ca. 27cm<\/p>\n<p>Passt perfekt zum Rickenbacker Toaster Pickup am Hals.<\/p>\n<p><strong>Lieferumfang:<\/strong><br \/>\n1x Rickenbacker Horseshoe Pickup Bass Neck<br \/>\n4x Schrauben zur Montage an einem Rickenbacker 4001 oder 4003<\/p>\n<p><strong>Zustand: <\/strong>Neu!<\/p>\n<p>&nbsp;<\/p>\n<p>&nbsp;<\/p>\n<p><img loading=\"lazy\" decoding=\"async\" class=\"aligncenter size-full wp-image-20333\" src=\"https:\/\/www.rockwall-guitars.de\/wp-content\/uploads\/Rickenbacker_Horseshoe_Pickup_for_Bass_Bridge_Position_RWG00070_01.jpg\" alt=\"\" width=\"1000\" height=\"738\" \/> <img loading=\"lazy\" decoding=\"async\" class=\"aligncenter size-full wp-image-20332\" src=\"https:\/\/www.rockwall-guitars.de\/wp-content\/uploads\/Rickenbacker_Horseshoe_Pickup_for_Bass_Bridge_Position_RWG00070_02.jpg\" alt=\"\" width=\"1000\" height=\"665\" \/> <img loading=\"lazy\" decoding=\"async\" class=\"aligncenter size-full wp-image-20331\" src=\"https:\/\/www.rockwall-guitars.de\/wp-content\/uploads\/Rickenbacker_Horseshoe_Pickup_for_Bass_Bridge_Position_RWG00070_03.jpg\" alt=\"\" width=\"1000\" height=\"703\" \/> <img loading=\"lazy\" decoding=\"async\" class=\"aligncenter size-full wp-image-20330\" src=\"https:\/\/www.rockwall-guitars.de\/wp-content\/uploads\/Rickenbacker_Horseshoe_Pickup_for_Bass_Bridge_Position_RWG00070_04.jpg\" alt=\"\" width=\"1000\" height=\"760\" \/> <img loading=\"lazy\" decoding=\"async\" class=\"aligncenter size-full wp-image-20329\" src=\"https:\/\/www.rockwall-guitars.de\/wp-content\/uploads\/Rickenbacker_Horseshoe_Pickup_for_Bass_Bridge_Position_RWG00070_05.jpg\" alt=\"\" width=\"1000\" height=\"767\" \/> <img loading=\"lazy\" decoding=\"async\" class=\"aligncenter size-full wp-image-20328\" src=\"https:\/\/www.rockwall-guitars.de\/wp-content\/uploads\/Rickenbacker_Horseshoe_Pickup_for_Bass_Bridge_Position_RWG00070_06.jpg\" alt=\"\" width=\"1000\" height=\"836\" \/> <img loading=\"lazy\" decoding=\"async\" class=\"aligncenter size-full wp-image-20327\" src=\"https:\/\/www.rockwall-guitars.de\/wp-content\/uploads\/Rickenbacker_Horseshoe_Pickup_for_Bass_Bridge_Position_RWG00070_07.jpg\" alt=\"\" width=\"1000\" height=\"667\" \/> <img loading=\"lazy\" decoding=\"async\" class=\"aligncenter size-full wp-image-20326\" src=\"https:\/\/www.rockwall-guitars.de\/wp-content\/uploads\/Rickenbacker_Horseshoe_Pickup_for_Bass_Bridge_Position_RWG00070_08.jpg\" alt=\"\" width=\"1000\" height=\"763\" \/> <img loading=\"lazy\" decoding=\"async\" class=\"aligncenter size-full wp-image-20325\" src=\"https:\/\/www.rockwall-guitars.de\/wp-content\/uploads\/Rickenbacker_Horseshoe_Pickup_for_Bass_Bridge_Position_RWG00070_09.jpg\" alt=\"\" width=\"1000\" height=\"685\" \/> <img loading=\"lazy\" decoding=\"async\" class=\"aligncenter size-full wp-image-20324\" src=\"https:\/\/www.rockwall-guitars.de\/wp-content\/uploads\/Rickenbacker_Horseshoe_Pickup_for_Bass_Bridge_Position_RWG00070_10.jpg\" alt=\"\" width=\"1000\" height=\"547\" \/> <img loading=\"lazy\" decoding=\"async\" class=\"aligncenter size-full wp-image-20323\" src=\"https:\/\/www.rockwall-guitars.de\/wp-content\/uploads\/Rickenbacker_Horseshoe_Pickup_for_Bass_Bridge_Position_RWG00070_11.jpg\" alt=\"\" width=\"1000\" height=\"716\" \/><\/p>\n<p>&nbsp;<\/p>\n","protected":false},"excerpt":{"rendered":"<p>Den amtlichen<br \/><a class=\"readmore\" href=\"https:\/\/www.rockwall-guitars.de\/shop\/produkt\/rickenbacker-horseshoe-pickup-bass-bridge\/\">mehr erfahren<\/a><\/p>\n","protected":false},"featured_media":369,"template":"","meta":[],"product_brand":[],"product_cat":[17,62],"product_tag":[38,48,35,33,37],"class_list":{"0":"post-164","1":"product","2":"type-product","3":"status-publish","4":"has-post-thumbnail","6":"product_cat-rickenbacker-bass-parts","7":"product_cat-rickenbacker-pickups","8":"product_tag-bridge","9":"product_tag-horseshoe","10":"product_tag-pickup","11":"product_tag-rickenbacker","12":"product_tag-tonabnehmer","14":"first","15":"outofstock","16":"taxable","17":"shipping-taxable","18":"purchasable","19":"product-type-simple"},"jetpack_sharing_enabled":true,"_links":{"self":[{"href":"https:\/\/www.rockwall-guitars.de\/shop\/wp-json\/wp\/v2\/product\/164","targetHints":{"allow":["GET"]}}],"collection":[{"href":"https:\/\/www.rockwall-guitars.de\/shop\/wp-json\/wp\/v2\/product"}],"about":[{"href":"https:\/\/www.rockwall-guitars.de\/shop\/wp-json\/wp\/v2\/types\/product"}],"wp:featuredmedia":[{"embeddable":true,"href":"https:\/\/www.rockwall-guitars.de\/shop\/wp-json\/wp\/v2\/media\/369"}],"wp:attachment":[{"href":"https:\/\/www.rockwall-guitars.de\/shop\/wp-json\/wp\/v2\/media?parent=164"}],"wp:term":[{"taxonomy":"product_brand","embeddable":true,"href":"https:\/\/www.rockwall-guitars.de\/shop\/wp-json\/wp\/v2\/product_brand?post=164"},{"taxonomy":"product_cat","embeddable":true,"href":"https:\/\/www.rockwall-guitars.de\/shop\/wp-json\/wp\/v2\/product_cat?post=164"},{"taxonomy":"product_tag","embeddable":true,"href":"https:\/\/www.rockwall-guitars.de\/shop\/wp-json\/wp\/v2\/product_tag?post=164"}],"curies":[{"name":"wp","href":"https:\/\/api.w.org\/{rel}","templated":true}]}}